{"id":113,"date":"2016-04-23T17:52:03","date_gmt":"2016-04-23T17:52:03","guid":{"rendered":"http:\/\/localhost\/lacage\/?page_id=83"},"modified":"2026-02-03T05:45:52","modified_gmt":"2026-02-03T05:45:52","slug":"compagnie","status":"publish","type":"page","link":"http:\/\/www.lacage.org\/de\/compagnie\/","title":{"rendered":"Compagnie"},"content":{"rendered":"<p>Die Performance-Compagnie La Cage wurde 2015 in Berlin und Paris gegr\u00fcndet. Sie verbindet musikalische mit bildhauerischen Formen in performativen Formaten. Das k\u00fcnstlerische Team ist ein Ensemble, das aus bildenden K\u00fcnstler*innen, Musiker*innen, Performer*innen, Dramaturg*innen und Techniker*innen besteht.<\/p>\n<p>Ihre Inszenierungen wurden im Radialsystem, im Ballhaus Ost und im Berghain in Berlin gezeigt, sowie am Theater Basel, im Centre Pompidou und Cit\u00e9 de la Musique in Paris, im Concertgebouw Br\u00fcgge, Op\u00e9ra de Rouen, beim Eclat Festival Neue Musik und bei den Donaueschinger Musiktagen aufgef\u00fchrt.<\/p>\n<p>Ali\u00e9nor Dauchez, k\u00fcnstlerische Leiterin, war von 2019 bis 2021 artiste associ\u00e9e am franz\u00f6sischen Staatstheater La Rose des Vents sc\u00e8ne nationale Lille M\u00e9tropole &#8211; Villeneuve d\u2019Ascq unter der Leitung von Marie Didier und ist derzeit Teil des K\u00fcnstler*innenprogramms Campus am Staatstheater Le Ph\u00e9nix sc\u00e8ne nationale P\u00f4le europ\u00e9en de cr\u00e9ation de Valenciennes, geleitet von Romaric Daurier.<\/p>","protected":false},"excerpt":{"rendered":"<p>Die Performance-Compagnie La Cage wurde 2015 in Berlin und Paris gegr\u00fcndet. Sie verbindet musikalische mit bildhauerischen Formen in performativen Formaten. Das k\u00fcnstlerische Team ist ein Ensemble, das aus bildenden K\u00fcnstler*innen, Musiker*innen, Performer*innen, Dramaturg*innen und Techniker*innen besteht. Ihre Inszenierungen wurden im Radialsystem, im Ballhaus Ost und im Berghain in Berlin gezeigt, sowie am Theater Basel, im <a href=\"http:\/\/www.lacage.org\/de\/compagnie\/\" class=\"more-link\">[&hellip;]<\/a><\/p>\n","protected":false},"author":5,"featured_media":0,"parent":0,"menu_order":0,"comment_status":"closed","ping_status":"closed","template":"page-template-compagnie.php","meta":{"_acf_changed":false,"footnotes":""},"class_list":["entry","page","publish","author-alienor","post-113"],"acf":[],"_links":{"self":[{"href":"http:\/\/www.lacage.org\/de\/wp-json\/wp\/v2\/pages\/113","targetHints":{"allow":["GET"]}}],"collection":[{"href":"http:\/\/www.lacage.org\/de\/wp-json\/wp\/v2\/pages"}],"about":[{"href":"http:\/\/www.lacage.org\/de\/wp-json\/wp\/v2\/types\/page"}],"author":[{"embeddable":true,"href":"http:\/\/www.lacage.org\/de\/wp-json\/wp\/v2\/users\/5"}],"replies":[{"embeddable":true,"href":"http:\/\/www.lacage.org\/de\/wp-json\/wp\/v2\/comments?post=113"}],"version-history":[{"count":50,"href":"http:\/\/www.lacage.org\/de\/wp-json\/wp\/v2\/pages\/113\/revisions"}],"predecessor-version":[{"id":1731,"href":"http:\/\/www.lacage.org\/de\/wp-json\/wp\/v2\/pages\/113\/revisions\/1731"}],"wp:attachment":[{"href":"http:\/\/www.lacage.org\/de\/wp-json\/wp\/v2\/media?parent=113"}],"curies":[{"name":"wp","href":"https:\/\/api.w.org\/{rel}","templated":true}]}}