{"id":113,"date":"2016-04-23T17:52:03","date_gmt":"2016-04-23T17:52:03","guid":{"rendered":"http:\/\/localhost\/lacage\/?page_id=83"},"modified":"2026-02-03T05:45:52","modified_gmt":"2026-02-03T05:45:52","slug":"compagnie","status":"publish","type":"page","link":"http:\/\/www.lacage.org\/en\/compagnie\/","title":{"rendered":"Compagnie"},"content":{"rendered":"<p>La Cage is a performance company founded in Paris and Berlin in 2015. Our performances combine visual and musical art forms. The artistic team constitutes an ensemble that includes visual artists, musicians, performers, dramaturges and technicians. La Cage productions have been shown at Radialsystem, Ballhaus Ost, and Berghain in Berlin, as well as at the Centre Pompidou and the Cit\u00e9 de la Musique in Paris, at the Basel Theatre, the Nouveau Th\u00e9\u00e2tre de Montreuil, the Rouen Opera and the Reims Opera, at the Concertgebouw Brugge, the \u00c9CLAT Festival, and the Donaueschinger Musiktagen.<\/p>\n<p>Artistic director Ali\u00e9nor Dauchez was an associate artist at the French state theatre La Rose des Vents sc\u00e8ne nationale Lille M\u00e9tropole-Villeneuve d\u2019Ascq, under the direction of Marie Didier from 2019 to 2021. Since 2024, she has been part of Campus, the artist support program at Le Ph\u00e9nix sc\u00e8ne nationale p\u00f4le europ\u00e9en de cr\u00e9ation Valenciennes, under the direction of Romaric Daurier.<\/p>","protected":false},"excerpt":{"rendered":"<p>La Cage is a performance company founded in Paris and Berlin in 2015. Our performances combine visual and musical art forms. The artistic team constitutes an ensemble that includes visual artists, musicians, performers, dramaturges and technicians. La Cage productions have been shown at Radialsystem, Ballhaus Ost, and Berghain in Berlin, as well as at the <a href=\"http:\/\/www.lacage.org\/en\/compagnie\/\" class=\"more-link\">[&hellip;]<\/a><\/p>\n","protected":false},"author":5,"featured_media":0,"parent":0,"menu_order":0,"comment_status":"closed","ping_status":"closed","template":"page-template-compagnie.php","meta":{"_acf_changed":false,"footnotes":""},"class_list":["entry","page","publish","author-alienor","post-113"],"acf":[],"_links":{"self":[{"href":"http:\/\/www.lacage.org\/en\/wp-json\/wp\/v2\/pages\/113","targetHints":{"allow":["GET"]}}],"collection":[{"href":"http:\/\/www.lacage.org\/en\/wp-json\/wp\/v2\/pages"}],"about":[{"href":"http:\/\/www.lacage.org\/en\/wp-json\/wp\/v2\/types\/page"}],"author":[{"embeddable":true,"href":"http:\/\/www.lacage.org\/en\/wp-json\/wp\/v2\/users\/5"}],"replies":[{"embeddable":true,"href":"http:\/\/www.lacage.org\/en\/wp-json\/wp\/v2\/comments?post=113"}],"version-history":[{"count":50,"href":"http:\/\/www.lacage.org\/en\/wp-json\/wp\/v2\/pages\/113\/revisions"}],"predecessor-version":[{"id":1731,"href":"http:\/\/www.lacage.org\/en\/wp-json\/wp\/v2\/pages\/113\/revisions\/1731"}],"wp:attachment":[{"href":"http:\/\/www.lacage.org\/en\/wp-json\/wp\/v2\/media?parent=113"}],"curies":[{"name":"wp","href":"https:\/\/api.w.org\/{rel}","templated":true}]}}